{"id":11,"date":"2024-09-02T15:01:27","date_gmt":"2024-09-02T15:01:27","guid":{"rendered":"https:\/\/tatlidillersekerleme.com\/?page_id=11"},"modified":"2024-09-02T15:21:20","modified_gmt":"2024-09-02T15:21:20","slug":"hakkimizda","status":"publish","type":"page","link":"https:\/\/tatlidillersekerleme.com\/ar-ah\/hakkimizda\/","title":{"rendered":"\u0645\u0639\u0644\u0648\u0645\u0627\u062a \u0639\u0646\u0627"},"content":{"rendered":"<p>[et_pb_section fb_built=&#8221;1&#8243; custom_padding_last_edited=&#8221;on|desktop&#8221; admin_label=&#8221;Header&#8221; _builder_version=&#8221;4.27.0&#8243; _module_preset=&#8221;default&#8221; background_size=&#8221;contain&#8221; background_position=&#8221;bottom_center&#8221; custom_margin=&#8221;||||false|false&#8221; custom_padding=&#8221;202px||||false|false&#8221; custom_padding_tablet=&#8221;||10%||false|false&#8221; custom_padding_phone=&#8221;||257px||false|false&#8221; hover_enabled=&#8221;0&#8243; collapsed=&#8221;off&#8221; global_colors_info=&#8221;{%22gcid-8d863056-f4d2-47f3-8cf3-360abf50b678%22:%91%22background_color%22%93}&#8221; theme_builder_area=&#8221;post_content&#8221; background_enable_color=&#8221;off&#8221; sticky_enabled=&#8221;0&#8243; background_enable_image=&#8221;off&#8221;][et_pb_row _builder_version=&#8221;4.27.0&#8243; _module_preset=&#8221;default&#8221; theme_builder_area=&#8221;post_content&#8221; column_structure=&#8221;1_2,1_2&#8243; custom_padding=&#8221;||77px||false|false&#8221; hover_enabled=&#8221;0&#8243; sticky_enabled=&#8221;0&#8243;][et_pb_column _builder_version=&#8221;4.27.0&#8243; _module_preset=&#8221;default&#8221; type=&#8221;1_2&#8243; theme_builder_area=&#8221;post_content&#8221;][et_pb_image src=&#8221;https:\/\/tatlidillersekerleme.com\/wp-content\/uploads\/2024\/09\/1-img.png&#8221; _builder_version=&#8221;4.27.0&#8243; _module_preset=&#8221;default&#8221; theme_builder_area=&#8221;post_content&#8221; title_text=&#8221;1-img&#8221; hover_enabled=&#8221;0&#8243; sticky_enabled=&#8221;0&#8243; admin_label=&#8221;G\u00f6r\u00fcnt\u00fc&#8221; custom_margin=&#8221;103px|||||&#8221; custom_margin_last_edited=&#8221;on|phone&#8221; custom_margin_phone=&#8221;-30px||||false|false&#8221; custom_margin_tablet=&#8221;103px|||||&#8221;][\/et_pb_image][\/et_pb_column][et_pb_column _builder_version=&#8221;4.27.0&#8243; _module_preset=&#8221;default&#8221; type=&#8221;1_2&#8243; theme_builder_area=&#8221;post_content&#8221;][et_pb_text _builder_version=&#8221;4.27.0&#8243; _module_preset=&#8221;default&#8221; theme_builder_area=&#8221;post_content&#8221; hover_enabled=&#8221;0&#8243; sticky_enabled=&#8221;0&#8243; text_font=&#8221;Alex Brush||||||||&#8221; global_colors_info=&#8221;{%22gcid-82cd47d5-be9d-4274-912a-4e7735ce79e0%22:%91%22text_text_color%22%93}&#8221; text_text_color=&#8221;gcid-82cd47d5-be9d-4274-912a-4e7735ce79e0&#8243; text_font_size=&#8221;65px&#8221; text_line_height=&#8221;1em&#8221;]<\/p>\n<p class=\" translation-block\">\u062a\u0642\u0627\u0644\u064a\u062f \u0627\u0644\u0646\u0643\u0647\u0629 \u0645\u0646\u0630 \u0639\u0627\u0645 1952<\/p>\n<p>[\/et_pb_text][et_pb_text _builder_version=&#8221;4.27.0&#8243; _module_preset=&#8221;default&#8221; text_font_size=&#8221;18px&#8221; hover_enabled=&#8221;0&#8243; text_orientation_tablet=&#8221;&#8221; text_orientation_phone=&#8221;center&#8221; text_orientation_last_edited=&#8221;on|phone&#8221; global_colors_info=&#8221;{}&#8221; theme_builder_area=&#8221;post_content&#8221; sticky_enabled=&#8221;0&#8243;]<\/p>\n<p>\u0643\u0634\u0631\u0643\u0629 \u062a\u0639\u0645\u0644 \u062d\u0627\u0644\u064a\u064b\u0627 \u0628\u0627\u0644\u062c\u064a\u0644 \u0627\u0644\u062b\u0627\u0644\u062b\u060c \u0628\u062f\u0623\u062a Tatl\u0131diller \u0631\u062d\u0644\u062a\u0647\u0627 \u0627\u0644\u062a\u062c\u0627\u0631\u064a\u0629 \u0641\u064a \u0639\u0627\u0645 1952. \u0627\u0643\u062a\u0633\u0628\u0646\u0627 \u0627\u0644\u062b\u0642\u0629 \u0641\u064a \u0642\u0637\u0627\u0639 \u0627\u0644\u063a\u0630\u0627\u0621 \u0645\u0646 \u062e\u0644\u0627\u0644 \u0645\u0646\u062a\u062c\u0627\u062a \u0645\u062b\u0644 \u0627\u0644\u062d\u0644\u0648\u064a\u0627\u062a<\/p>\n<p>\u0634\u0631\u0643\u0629 Tatl\u0131diller \u0644\u0644\u0623\u063a\u0630\u064a\u0629\u060c \u0645\u0639 \u0641\u0631\u064a\u0642\u0647\u0627 \u0630\u0648 \u0627\u0644\u062e\u0628\u0631\u0629 \u0648\u0627\u0644\u062a\u062e\u0635\u0635\u060c \u062a\u0642\u0648\u0645 \u0628\u0625\u0646\u062a\u0627\u062c \u0645\u0646\u062a\u062c\u0627\u062a\u0647\u0627 \u062a\u062d\u062a \u0625\u0634\u0631\u0627\u0641 \u0645\u0647\u0646\u062f\u0633\u064a \u0627\u0644\u0623\u063a\u0630\u064a\u0629 \u0648\u0648\u0641\u0642\u064b\u0627 \u0644\u0623\u0639\u0644\u0649 \u0645\u0639\u0627\u064a\u064a\u0631 \u0627\u0644\u0646\u0638\u0627\u0641\u0629 \u0627\u0644\u0635\u0627\u0631\u0645\u0629. \u0646\u062d\u0646 \u0646\u0635\u0646\u0639 \u0645\u0646\u062a\u062c\u0627\u062a \u0639\u0627\u0644\u064a\u0629 \u0627\u0644\u062c\u0648\u062f\u0629 \u0648\u062a\u0642\u0644\u064a\u062f\u064a\u0629 \u0628\u0646\u0638\u0627\u0645 \u0627\u0644\u062c\u0648\u062f\u0629 ISO22000 \u0627\u0644\u0645\u0639\u062a\u0645\u062f \u0645\u0646 \u0627\u0644\u0646\u0645\u0633\u0627 \u0648\u0627\u0644\u064a\u0648\u0646\u0627\u0646.<br \/>\u0639\u0644\u0627\u0645\u062a\u0646\u0627 \u0627\u0644\u062a\u062c\u0627\u0631\u064a\u0629 \u062a\u0639\u0632\u0632 \u0642\u0648\u062a\u0647\u0627 \u0648\u0623\u0647\u062f\u0627\u0641\u0647\u0627 \u0645\u0646 \u062e\u0644\u0627\u0644 \u0645\u062c\u0645\u0648\u0639\u0629 \u0645\u062a\u0646\u0648\u0639\u0629 \u0645\u0646 \u0627\u0644\u0634\u0648\u0643\u0648\u0644\u0627\u062a\u0629 \u0648\u0627\u0644\u062d\u0644\u0648\u064a\u0627\u062a \u0639\u0627\u0644\u064a\u0629 \u0627\u0644\u062c\u0648\u062f\u0629<br \/>\u0634\u0631\u0643\u0629 Tatl\u0131diller \u0644\u0644\u0623\u063a\u0630\u064a\u0629\u060c \u0628\u0642\u062f\u0631\u0629 \u0625\u0646\u062a\u0627\u062c\u064a\u0629 \u064a\u0648\u0645\u064a\u0629 \u062a\u0635\u0644 \u0625\u0644\u0649 25,000 \u0643\u062c\u0645\u060c \u0647\u064a \u0648\u0627\u062d\u062f\u0629 \u0645\u0646 \u0623\u0643\u0628\u0631 \u0627\u0644\u0634\u0631\u0643\u0627\u062a \u0641\u064a \u0642\u0648\u0646\u064a\u0629<br \/>\u0646\u0642\u062f\u0645 \u0645\u0646\u062a\u062c\u0627\u062a\u0646\u0627 \u0644\u0639\u0645\u0644\u0627\u0626\u0646\u0627 \u0627\u0644\u0643\u0631\u0627\u0645 \u0628\u0623\u0633\u0639\u0627\u0631 \u0623\u0643\u062b\u0631 \u062a\u0646\u0627\u0641\u0633\u064a\u0629 \u0645\u0642\u0627\u0631\u0646\u0629\u064b \u0628\u0627\u0644\u0639\u0644\u0627\u0645\u0627\u062a \u0627\u0644\u062a\u062c\u0627\u0631\u064a\u0629 \u0627\u0644\u0639\u0627\u0644\u0645\u064a\u0629 \u0627\u0644\u0623\u062e\u0631\u0649<\/p>\n<p>[\/et_pb_text][\/et_pb_column][\/et_pb_row][et_pb_row _builder_version=&#8221;4.27.0&#8243; _module_preset=&#8221;default&#8221; theme_builder_area=&#8221;post_content&#8221; positioning=&#8221;absolute&#8221; position_origin_a=&#8221;top_center&#8221; vertical_offset=&#8221;234px&#8221; hover_enabled=&#8221;0&#8243; sticky_enabled=&#8221;0&#8243; vertical_offset_last_edited=&#8221;on|phone&#8221; vertical_offset_phone=&#8221;94px&#8221; vertical_offset_tablet=&#8221;234px&#8221;][et_pb_column _builder_version=&#8221;4.27.0&#8243; _module_preset=&#8221;default&#8221; type=&#8221;4_4&#8243; theme_builder_area=&#8221;post_content&#8221;][et_pb_number_counter number=&#8221;1952&#8243; _builder_version=&#8221;4.27.0&#8243; _module_preset=&#8221;default&#8221; theme_builder_area=&#8221;post_content&#8221; percent_sign=&#8221;off&#8221; title_text_color=&#8221;#EDF000&#8243; global_colors_info=&#8221;{%22gcid-29295a5e-fd8b-4858-a642-10ef413f8743%22:%91%22number_text_color%22%93}&#8221; number_text_color=&#8221;gcid-29295a5e-fd8b-4858-a642-10ef413f8743&#8243; number_font=&#8221;Montserrat|900|||||||&#8221; number_font_size=&#8221;400px&#8221; number_text_align=&#8221;center&#8221; hover_enabled=&#8221;0&#8243; sticky_enabled=&#8221;0&#8243; number_font_size_last_edited=&#8221;on|phone&#8221; number_font_size_phone=&#8221;136px&#8221; number_font_size_tablet=&#8221;400px&#8221;][\/et_pb_number_counter][\/et_pb_column][\/et_pb_row][\/et_pb_section][et_pb_section fb_built=&#8221;1&#8243; theme_builder_area=&#8221;post_content&#8221; _builder_version=&#8221;4.27.0&#8243; _module_preset=&#8221;default&#8221; background_pattern_style=&#8221;diagonal-stripes-2&#8243; background_enable_pattern_style=&#8221;on&#8221; global_colors_info=&#8221;{%22gcid-29295a5e-fd8b-4858-a642-10ef413f8743%22:%91%22background_pattern_color%22%93}&#8221; background_pattern_color=&#8221;gcid-29295a5e-fd8b-4858-a642-10ef413f8743&#8243; hover_enabled=&#8221;0&#8243; sticky_enabled=&#8221;0&#8243;][et_pb_row _builder_version=&#8221;4.27.0&#8243; _module_preset=&#8221;default&#8221; theme_builder_area=&#8221;post_content&#8221; make_equal=&#8221;on&#8221; hover_enabled=&#8221;0&#8243; sticky_enabled=&#8221;0&#8243; column_structure=&#8221;1_3,1_3,1_3&#8243;][et_pb_column _builder_version=&#8221;4.27.0&#8243; _module_preset=&#8221;default&#8221; type=&#8221;1_3&#8243; theme_builder_area=&#8221;post_content&#8221;][et_pb_image src=&#8221;https:\/\/tatlidillersekerleme.com\/wp-content\/uploads\/2024\/09\/belge-1.jpg&#8221; _builder_version=&#8221;4.27.0&#8243; _module_preset=&#8221;default&#8221; theme_builder_area=&#8221;post_content&#8221; title_text=&#8221;belge-1&#8243; border_radii=&#8221;on|28px|28px|28px|28px&#8221; box_shadow_style=&#8221;preset3&#8243; hover_enabled=&#8221;0&#8243; sticky_enabled=&#8221;0&#8243;][\/et_pb_image][\/et_pb_column][et_pb_column _builder_version=&#8221;4.27.0&#8243; _module_preset=&#8221;default&#8221; type=&#8221;1_3&#8243; theme_builder_area=&#8221;post_content&#8221;][et_pb_image src=&#8221;https:\/\/tatlidillersekerleme.com\/wp-content\/uploads\/2024\/09\/belge-3.jpg&#8221; _builder_version=&#8221;4.27.0&#8243; _module_preset=&#8221;default&#8221; theme_builder_area=&#8221;post_content&#8221; title_text=&#8221;belge-3&#8243; border_radii=&#8221;on|28px|28px|28px|28px&#8221; box_shadow_style=&#8221;preset3&#8243; hover_enabled=&#8221;0&#8243; sticky_enabled=&#8221;0&#8243;][\/et_pb_image][\/et_pb_column][et_pb_column _builder_version=&#8221;4.27.0&#8243; _module_preset=&#8221;default&#8221; type=&#8221;1_3&#8243; theme_builder_area=&#8221;post_content&#8221;][et_pb_image src=&#8221;https:\/\/tatlidillersekerleme.com\/wp-content\/uploads\/2024\/09\/belge-2.jpg&#8221; _builder_version=&#8221;4.27.0&#8243; _module_preset=&#8221;default&#8221; theme_builder_area=&#8221;post_content&#8221; title_text=&#8221;belge-2&#8243; border_radii=&#8221;on|28px|28px|28px|28px&#8221; box_shadow_style=&#8221;preset3&#8243; hover_enabled=&#8221;0&#8243; sticky_enabled=&#8221;0&#8243;][\/et_pb_image][\/et_pb_column][\/et_pb_row][\/et_pb_section][et_pb_section fb_built=&#8221;1&#8243; theme_builder_area=&#8221;post_content&#8221; _builder_version=&#8221;4.27.0&#8243; _module_preset=&#8221;default&#8221;][et_pb_row _builder_version=&#8221;4.27.0&#8243; _module_preset=&#8221;default&#8221; theme_builder_area=&#8221;post_content&#8221;][et_pb_column _builder_version=&#8221;4.27.0&#8243; _module_preset=&#8221;default&#8221; type=&#8221;4_4&#8243; theme_builder_area=&#8221;post_content&#8221;][et_pb_image src=&#8221;https:\/\/tatlidillersekerleme.com\/wp-content\/uploads\/2024\/09\/fabrika.jpg&#8221; _builder_version=&#8221;4.27.0&#8243; _module_preset=&#8221;default&#8221; theme_builder_area=&#8221;post_content&#8221; title_text=&#8221;fabrika&#8221; hover_enabled=&#8221;0&#8243; sticky_enabled=&#8221;0&#8243; border_radii=&#8221;on|34px|34px|34px|34px&#8221; box_shadow_style=&#8221;preset1&#8243;][\/et_pb_image][\/et_pb_column][\/et_pb_row][\/et_pb_section]<\/p>","protected":false},"excerpt":{"rendered":"<p>1952&#8217;den Gelen Lezzet Gelene\u011fi\u015eu an \u00fc\u00e7\u00fcnc\u00fc nesil taraf\u0131ndan faaliyetine devam eden Tatlidiller g\u0131da \u015firketi olarak 1952 y\u0131l\u0131nda ticari hayat\u0131m\u0131za ba\u015flad\u0131k. \u015eeker gibi \u00fcr\u00fcnlerle g\u0131da sekt\u00f6r\u00fcnde g\u00fcvenilirlik kazand\u0131k. Tatlidiller g\u0131da \u015firketi, tecr\u00fcbeli ve uzman kadrosu ile g\u0131da m\u00fchendislerinin kontrol\u00fcnde \u00fcretimini titizlikle hijyen kurallar\u0131 i\u00e7inde ger\u00e7ekle\u015ftirmektedir. ISO22000 Avusturya-Yunanistan onayl\u0131 kalite sistemi ile kaliteli ve geleneksel \u00fcr\u00fcnler imal [&hellip;]<\/p>","protected":false},"author":1,"featured_media":0,"parent":0,"menu_order":0,"comment_status":"closed","ping_status":"closed","template":"","meta":{"_acf_changed":false,"_et_pb_use_builder":"on","_et_pb_old_content":"","_et_gb_content_width":"","footnotes":""},"class_list":["post-11","page","type-page","status-publish","hentry"],"acf":[],"_links":{"self":[{"href":"https:\/\/tatlidillersekerleme.com\/ar-ah\/wp-json\/wp\/v2\/pages\/11","targetHints":{"allow":["GET"]}}],"collection":[{"href":"https:\/\/tatlidillersekerleme.com\/ar-ah\/wp-json\/wp\/v2\/pages"}],"about":[{"href":"https:\/\/tatlidillersekerleme.com\/ar-ah\/wp-json\/wp\/v2\/types\/page"}],"author":[{"embeddable":true,"href":"https:\/\/tatlidillersekerleme.com\/ar-ah\/wp-json\/wp\/v2\/users\/1"}],"replies":[{"embeddable":true,"href":"https:\/\/tatlidillersekerleme.com\/ar-ah\/wp-json\/wp\/v2\/comments?post=11"}],"version-history":[{"count":5,"href":"https:\/\/tatlidillersekerleme.com\/ar-ah\/wp-json\/wp\/v2\/pages\/11\/revisions"}],"predecessor-version":[{"id":1818,"href":"https:\/\/tatlidillersekerleme.com\/ar-ah\/wp-json\/wp\/v2\/pages\/11\/revisions\/1818"}],"wp:attachment":[{"href":"https:\/\/tatlidillersekerleme.com\/ar-ah\/wp-json\/wp\/v2\/media?parent=11"}],"curies":[{"name":"wp","href":"https:\/\/api.w.org\/{rel}","templated":true}]}}